{"id":129,"date":"2024-08-31T16:53:09","date_gmt":"2024-08-31T14:53:09","guid":{"rendered":"https:\/\/calvados-quebec.fr\/?page_id=129"},"modified":"2024-08-31T17:04:56","modified_gmt":"2024-08-31T15:04:56","slug":"le-quebec","status":"publish","type":"page","link":"https:\/\/calvados-quebec.fr\/index.php\/le-quebec\/","title":{"rendered":"Le Qu\u00e9bec"},"content":{"rendered":"\n<figure class=\"wp-block-image size-large is-resized\"><img loading=\"lazy\" decoding=\"async\" width=\"1024\" height=\"642\" src=\"https:\/\/calvados-quebec.fr\/wp-content\/uploads\/2024\/08\/landscape-g554b610ef_1920-1024x642.jpg\" alt=\"Le Qu\u00e9bec au Canada\" class=\"wp-image-40\" style=\"width:1192px;height:auto\" srcset=\"https:\/\/calvados-quebec.fr\/wp-content\/uploads\/2024\/08\/landscape-g554b610ef_1920-1024x642.jpg 1024w, https:\/\/calvados-quebec.fr\/wp-content\/uploads\/2024\/08\/landscape-g554b610ef_1920-300x188.jpg 300w, https:\/\/calvados-quebec.fr\/wp-content\/uploads\/2024\/08\/landscape-g554b610ef_1920-768x481.jpg 768w, https:\/\/calvados-quebec.fr\/wp-content\/uploads\/2024\/08\/landscape-g554b610ef_1920-1536x962.jpg 1536w, https:\/\/calvados-quebec.fr\/wp-content\/uploads\/2024\/08\/landscape-g554b610ef_1920.jpg 1920w\" sizes=\"auto, (max-width: 1024px) 100vw, 1024px\" \/><\/figure>\n\n\n\n<p><strong>La province du QUEBEC <\/strong>a une superficie de 1\u00a0542\u00a0056\u00a0km2 et repr\u00e9sente ainsi le plus grand territoire du Canada (plus de 15% de sa superficie, soit 3 fois la superficie de la France). Situ\u00e9 dans le Nord-Est de l&rsquo;Am\u00e9rique du Nord, le territoire du Qu\u00e9bec s\u2019\u00e9tend, du sud au nord, sur plus de 2\u00a0000\u00a0km, et d&rsquo;est en ouest, sur plus de 1\u00a0500\u00a0km. Il poss\u00e8de des fronti\u00e8res communes avec les provinces de l&rsquo;Ontario, du Nouveau-Brunswick et de Terre-Neuve. Le Qu\u00e9bec abonde de ressources naturelles : il est travers\u00e9 par le fleuve Saint-Laurent, qui relie les Grands Lacs \u00e0 l&rsquo;Ocean Atlantique. La province du Qu\u00e9bec comptabilise plus de 8,6 millions d&rsquo;habitants. Sa capitale est Qu\u00e9bec, reconnue depuis 1985 comme site remarquable au patrimoine mondial de l&rsquo;Unesco. Son agglom\u00e9ration est Montr\u00e9al. <strong>La langue officielle de la province du Qu\u00e9bec est le fran\u00e7ais<\/strong> (et ils y tiennent !). C&rsquo;est le seul territoire d&rsquo;Am\u00e9rique du Nord ou le fran\u00e7ais est reconnu constitutionnellement.<\/p>\n\n\n\n<figure class=\"wp-block-image size-full is-resized\"><img loading=\"lazy\" decoding=\"async\" width=\"960\" height=\"639\" src=\"https:\/\/calvados-quebec.fr\/wp-content\/uploads\/2024\/08\/flag-quebec-2455680_960_720.webp\" alt=\"Drapeau du Qu\u00e9bec\" class=\"wp-image-34\" style=\"width:1208px;height:auto\" srcset=\"https:\/\/calvados-quebec.fr\/wp-content\/uploads\/2024\/08\/flag-quebec-2455680_960_720.webp 960w, https:\/\/calvados-quebec.fr\/wp-content\/uploads\/2024\/08\/flag-quebec-2455680_960_720-300x200.webp 300w, https:\/\/calvados-quebec.fr\/wp-content\/uploads\/2024\/08\/flag-quebec-2455680_960_720-768x511.webp 768w\" sizes=\"auto, (max-width: 960px) 100vw, 960px\" \/><\/figure>\n\n\n\n<h2 class=\"wp-block-heading\">La Parlure qu\u00e9becoise ! (un parler populaire typiquement qu\u00e9becois, pour se familiariser avec  l&rsquo;accent )<\/h2>\n\n\n\n<p>Un petit extrait d&rsquo;expressions typiquement qu\u00e9becoises, qu&rsquo;il faut savoir d\u00e9chiffrer.<\/p>\n\n\n\n<p>\u00a0\u00bb Comme on dit par chez nous, faudrait pas<em> capoter<\/em> avec \u00e7a. Toute va \u00eatre <em>tiguidou<\/em> tu vas voir, \u00e7a va \u00eatre <em>\u00e9c\u0153urant<\/em> ! Mais <em>asteure<\/em> par exemple, commen\u00e7ons par une <em>tite<\/em> le\u00e7on de qu\u00e9b\u00e9cois.<\/p>\n\n\n\n<p><strong>Traduction<\/strong> : Comme on dit par chez nous, il ne faut s\u2019en faire avec \u00e7a. Tout ira bien vous verrez, ce sera merveilleux ! Mais maintenant, le temps est venu de prendre une petite le\u00e7on de qu\u00e9b\u00e9cois.<\/p>\n\n\n\n<p>Pr\u00eats pour un petit quizz ? Venez nous retrouver \u00e0 l&rsquo;Association Calvados-Qu\u00e9bec. Vous trouverez de nombreuses occasions de d\u00e9couvrir l&rsquo;accent qu\u00e9becois et les expressions incontournables !<\/p>\n\n\n\n<p class=\"has-theme-palette-2-color has-text-color has-link-color wp-elements-4f5d34adebf834989cecb5b9b11a504e\">Et vous, quelle est votre expression qu\u00e9becoise favorite ? \u00cates-vous de ceux qui savent bien imiter notre accent&nbsp;?<\/p>\n\n\n\n<div class=\"wp-block-comments\">\n\n\n\n\n\n\t<div id=\"respond\" class=\"comment-respond wp-block-post-comments-form\">\n\t\t<h3 id=\"reply-title\" class=\"comment-reply-title\">Laisser un commentaire <small><a rel=\"nofollow\" id=\"cancel-comment-reply-link\" href=\"\/index.php\/wp-json\/wp\/v2\/pages\/129#respond\" style=\"display:none;\">Annuler la r\u00e9ponse<\/a><\/small><\/h3><form action=\"https:\/\/calvados-quebec.fr\/wp-comments-post.php\" method=\"post\" id=\"commentform\" class=\"comment-form\"><p class=\"comment-notes\"><span id=\"email-notes\">Votre adresse e-mail ne sera pas publi\u00e9e.<\/span> <span class=\"required-field-message\">Les champs obligatoires sont indiqu\u00e9s avec <span class=\"required\">*<\/span><\/span><\/p><p class=\"comment-form-comment comment-form-float-label\"><textarea id=\"comment\" name=\"comment\" placeholder=\"Laissez un commentaire...\" cols=\"45\" rows=\"8\" maxlength=\"65525\" aria-required=\"true\" required=\"required\"><\/textarea><label class=\"float-label\" for=\"comment\">Commentaire <span class=\"required\">*<\/span><\/label><\/p><div class=\"comment-input-wrap has-url-field\"><p class=\"comment-form-author\"><input aria-label=\"Nom\" id=\"author\" name=\"author\" type=\"text\" placeholder=\"John Doe\" value=\"\" size=\"30\" maxlength=\"245\" aria-required='true' required='required' \/><label class=\"float-label\" for=\"author\">Nom <span class=\"required\">*<\/span><\/label><\/p>\n<p class=\"comment-form-email\"><input aria-label=\"E-mail\" id=\"email\" name=\"email\" type=\"email\" placeholder=\"john@example.com\" value=\"\" size=\"30\" maxlength=\"100\" aria-describedby=\"email-notes\" aria-required='true' required='required' \/><label class=\"float-label\" for=\"email\">E-mail <span class=\"required\">*<\/span><\/label><\/p>\n<p class=\"comment-form-url\"><input aria-label=\"Site\" id=\"url\" name=\"url\" type=\"url\" placeholder=\"https:\/\/www.example.com\" value=\"\" size=\"30\" maxlength=\"200\" \/><label class=\"float-label\" for=\"url\">Site<\/label><\/p><\/div>\n<p class=\"comment-form-cookies-consent\"><input id=\"wp-comment-cookies-consent\" name=\"wp-comment-cookies-consent\" type=\"checkbox\" value=\"yes\" \/> <label for=\"wp-comment-cookies-consent\">Enregistrer mon nom, mon e-mail et mon site dans le navigateur pour mon prochain commentaire.<\/label><\/p>\n<p class=\"form-submit\"><input name=\"submit\" type=\"submit\" id=\"submit\" class=\"submit\" value=\"Laisser un commentaire\" \/> <input type='hidden' name='comment_post_ID' value='129' id='comment_post_ID' \/>\n<input type='hidden' name='comment_parent' id='comment_parent' value='0' \/>\n<\/p><p style=\"display: none !important;\"><label>&#916;<textarea name=\"ak_hp_textarea\" cols=\"45\" rows=\"8\" maxlength=\"100\"><\/textarea><\/label><input type=\"hidden\" id=\"ak_js_1\" name=\"ak_js\" value=\"166\"\/><script>document.getElementById( \"ak_js_1\" ).setAttribute( \"value\", ( new Date() ).getTime() );<\/script><\/p><\/form>\t<\/div><!-- #respond -->\n\t<\/div>\n","protected":false},"excerpt":{"rendered":"<p>La province du QUEBEC a une superficie de 1\u00a0542\u00a0056\u00a0km2 et repr\u00e9sente ainsi le plus grand territoire du Canada (plus de 15% de sa superficie, soit 3 fois la superficie de la France). Situ\u00e9 dans le Nord-Est de l&rsquo;Am\u00e9rique du Nord, le territoire du Qu\u00e9bec s\u2019\u00e9tend, du sud au nord, sur plus de 2\u00a0000\u00a0km, et d&rsquo;est&#8230;<\/p>\n","protected":false},"author":1,"featured_media":40,"parent":0,"menu_order":0,"comment_status":"open","ping_status":"closed","template":"","meta":{"_kad_post_transparent":"","_kad_post_title":"","_kad_post_layout":"","_kad_post_sidebar_id":"","_kad_post_content_style":"","_kad_post_vertical_padding":"","_kad_post_feature":"","_kad_post_feature_position":"","_kad_post_header":false,"_kad_post_footer":false,"footnotes":""},"class_list":["post-129","page","type-page","status-publish","has-post-thumbnail","hentry"],"_links":{"self":[{"href":"https:\/\/calvados-quebec.fr\/index.php\/wp-json\/wp\/v2\/pages\/129","targetHints":{"allow":["GET"]}}],"collection":[{"href":"https:\/\/calvados-quebec.fr\/index.php\/wp-json\/wp\/v2\/pages"}],"about":[{"href":"https:\/\/calvados-quebec.fr\/index.php\/wp-json\/wp\/v2\/types\/page"}],"author":[{"embeddable":true,"href":"https:\/\/calvados-quebec.fr\/index.php\/wp-json\/wp\/v2\/users\/1"}],"replies":[{"embeddable":true,"href":"https:\/\/calvados-quebec.fr\/index.php\/wp-json\/wp\/v2\/comments?post=129"}],"version-history":[{"count":5,"href":"https:\/\/calvados-quebec.fr\/index.php\/wp-json\/wp\/v2\/pages\/129\/revisions"}],"predecessor-version":[{"id":135,"href":"https:\/\/calvados-quebec.fr\/index.php\/wp-json\/wp\/v2\/pages\/129\/revisions\/135"}],"wp:featuredmedia":[{"embeddable":true,"href":"https:\/\/calvados-quebec.fr\/index.php\/wp-json\/wp\/v2\/media\/40"}],"wp:attachment":[{"href":"https:\/\/calvados-quebec.fr\/index.php\/wp-json\/wp\/v2\/media?parent=129"}],"curies":[{"name":"wp","href":"https:\/\/api.w.org\/{rel}","templated":true}]}}